{"id":18471,"date":"2025-08-21T00:57:52","date_gmt":"2025-08-21T00:57:52","guid":{"rendered":"https:\/\/procomservices.com\/?page_id=18471"},"modified":"2026-03-12T18:26:08","modified_gmt":"2026-03-12T18:26:08","slug":"calculateur-de-taux-dentrepreneur-canada","status":"publish","type":"page","link":"https:\/\/procomservices.com\/fr-ca\/calculateur-de-taux-dentrepreneur-canada\/","title":{"rendered":"Calculateur de taux d\u2019entrepreneur &#8211; Canada"},"content":{"rendered":"<style data-shortcode=\"true\">.iframe-container,\n.iframe-container iframe {\n\theight: 1300px;\n}\nhtml[lang=\"fr-ca\"] .iframe-container iframe {\n\theight: 1300px;\n}\n@media (min-width: 1025px) {\n\t.iframe-container,\n\t.iframe-container iframe {\n\t\twidth: 1275px;\n\t\theight: 1300px !important;\n\t}\n\t.content-single.is-wysiwyg,\n\t.container.simple-page {\n\t\tmargin: 0;\n\t}\n}\n.content-single.is-wysiwyg h1 {\n\tvisibility: none;\n\topacity: 0;\n\tdisplay: none;\n}<\/p>\n<p>@media (max-width: 1024px) {\n\t.iframe-container {\n\t\theight: 1200px;\n\t}\n}<\/style>\n\n\n<h1 style=\"font-size: 30px;\">Calculateur de taux d\u2019entrepreneur &#8211; Canada<\/h1>\n\n\n<style>\n  \n   .iframe-container,\n   .iframe-container iframe {\n        height: 1175px;\n    }\n\n    @media (max-width: 1024px) {\n        .iframe-container {\n            height: 1200px;\n        }\n    }\n<\/style>\n<div class=\"iframe-container\">\n    <iframe loading=\"lazy\" src=\"https:\/\/apps.procomservices.com\/rate_calculator?lang=fr_ca\" width=\"100%\" height=\"100%\" frameborder=\"0\" style=\"border:0;\" allowfullscreen=\"\"><\/iframe>\n<\/div>\n","protected":false},"excerpt":{"rendered":"<p>Calculateur de taux d\u2019entrepreneur &#8211; Canada<\/p>\n","protected":false},"author":10,"featured_media":0,"parent":0,"menu_order":0,"comment_status":"closed","ping_status":"closed","template":"templates\/template-simple-text.php","meta":{"_acf_changed":false,"_crdt_document":"","inline_featured_image":false,"footnotes":""},"class_list":["post-18471","page","type-page","status-publish","hentry"],"acf":[],"yoast_head":"<!-- This site is optimized with the Yoast SEO plugin v27.1.1 - https:\/\/yoast.com\/product\/yoast-seo-wordpress\/ -->\n<title>Calculateur de taux d\u2019entrepreneur - Canada - Procom<\/title>\n<meta name=\"description\" content=\"Simplifiez la gestion de vos budgets gr\u00e2ce au calculateur de taux Procom. Acc\u00e9dez \u00e0 des donn\u00e9es fiables et optimisez vos d\u00e9cisions d\u00e8s maintenant.\" \/>\n<meta name=\"robots\" content=\"index, follow, max-snippet:-1, max-image-preview:large, max-video-preview:-1\" \/>\n<link rel=\"canonical\" href=\"https:\/\/procomservices.com\/fr-ca\/calculateur-de-taux-dentrepreneur-canada\/\" \/>\n<meta property=\"og:locale\" content=\"fr_CA\" \/>\n<meta property=\"og:type\" content=\"article\" \/>\n<meta property=\"og:title\" content=\"Calculateur de taux d\u2019entrepreneur - Canada - Procom\" \/>\n<meta property=\"og:description\" content=\"Simplifiez la gestion de vos budgets gr\u00e2ce au calculateur de taux Procom. Acc\u00e9dez \u00e0 des donn\u00e9es fiables et optimisez vos d\u00e9cisions d\u00e8s maintenant.\" \/>\n<meta property=\"og:url\" content=\"https:\/\/procomservices.com\/fr-ca\/calculateur-de-taux-dentrepreneur-canada\/\" \/>\n<meta property=\"og:site_name\" content=\"Procom\" \/>\n<meta property=\"article:publisher\" content=\"https:\/\/www.facebook.com\/ProcomConsultantsGroup\/\" \/>\n<meta property=\"article:modified_time\" content=\"2026-03-12T18:26:08+00:00\" \/>\n<meta property=\"og:image\" content=\"https:\/\/procomservices.com\/wp-content\/uploads\/2025\/09\/Procom_Logomark_CMYK@2x.jpg\" \/>\n\t<meta property=\"og:image:width\" content=\"1205\" \/>\n\t<meta property=\"og:image:height\" content=\"807\" \/>\n\t<meta property=\"og:image:type\" content=\"image\/jpeg\" \/>\n<meta name=\"twitter:card\" content=\"summary_large_image\" \/>\n<meta name=\"twitter:site\" content=\"@Procom\" \/>\n<meta name=\"twitter:label1\" content=\"Est. reading time\" \/>\n\t<meta name=\"twitter:data1\" content=\"1 minute\" \/>\n<script type=\"application\/ld+json\" class=\"yoast-schema-graph\">{\"@context\":\"https:\/\/schema.org\",\"@graph\":[{\"@type\":\"WebPage\",\"@id\":\"https:\/\/procomservices.com\/fr-ca\/calculateur-de-taux-dentrepreneur-canada\/\",\"url\":\"https:\/\/procomservices.com\/fr-ca\/calculateur-de-taux-dentrepreneur-canada\/\",\"name\":\"Calculateur de taux d\u2019entrepreneur - Canada - Procom\",\"isPartOf\":{\"@id\":\"https:\/\/procomservices.com\/fr-ca\/#website\"},\"datePublished\":\"2025-08-21T00:57:52+00:00\",\"dateModified\":\"2026-03-12T18:26:08+00:00\",\"description\":\"Simplifiez la gestion de vos budgets gr\u00e2ce au calculateur de taux Procom. Acc\u00e9dez \u00e0 des donn\u00e9es fiables et optimisez vos d\u00e9cisions d\u00e8s maintenant.\",\"breadcrumb\":{\"@id\":\"https:\/\/procomservices.com\/fr-ca\/calculateur-de-taux-dentrepreneur-canada\/#breadcrumb\"},\"inLanguage\":\"fr-ca\",\"potentialAction\":[{\"@type\":\"ReadAction\",\"target\":[\"https:\/\/procomservices.com\/fr-ca\/calculateur-de-taux-dentrepreneur-canada\/\"]}]},{\"@type\":\"BreadcrumbList\",\"@id\":\"https:\/\/procomservices.com\/fr-ca\/calculateur-de-taux-dentrepreneur-canada\/#breadcrumb\",\"itemListElement\":[{\"@type\":\"ListItem\",\"position\":1,\"name\":\"Home\",\"item\":\"https:\/\/procomservices.com\/fr-ca\/\"},{\"@type\":\"ListItem\",\"position\":2,\"name\":\"Calculateur de taux d\u2019entrepreneur &#8211; Canada\"}]},{\"@type\":\"WebSite\",\"@id\":\"https:\/\/procomservices.com\/fr-ca\/#website\",\"url\":\"https:\/\/procomservices.com\/fr-ca\/\",\"name\":\"Procom\",\"description\":\"\",\"publisher\":{\"@id\":\"https:\/\/procomservices.com\/fr-ca\/#organization\"},\"potentialAction\":[{\"@type\":\"SearchAction\",\"target\":{\"@type\":\"EntryPoint\",\"urlTemplate\":\"https:\/\/procomservices.com\/fr-ca\/?s={search_term_string}\"},\"query-input\":{\"@type\":\"PropertyValueSpecification\",\"valueRequired\":true,\"valueName\":\"search_term_string\"}}],\"inLanguage\":\"fr-ca\"},{\"@type\":\"Organization\",\"@id\":\"https:\/\/procomservices.com\/fr-ca\/#organization\",\"name\":\"Procom\",\"url\":\"https:\/\/procomservices.com\/fr-ca\/\",\"logo\":{\"@type\":\"ImageObject\",\"inLanguage\":\"fr-ca\",\"@id\":\"https:\/\/procomservices.com\/fr-ca\/#\/schema\/logo\/image\/\",\"url\":\"https:\/\/procomservices.com\/wp-content\/uploads\/2025\/09\/Procom_Logomark_CMYK@2x.jpg\",\"contentUrl\":\"https:\/\/procomservices.com\/wp-content\/uploads\/2025\/09\/Procom_Logomark_CMYK@2x.jpg\",\"width\":1205,\"height\":807,\"caption\":\"Procom\"},\"image\":{\"@id\":\"https:\/\/procomservices.com\/fr-ca\/#\/schema\/logo\/image\/\"},\"sameAs\":[\"https:\/\/www.facebook.com\/ProcomConsultantsGroup\/\",\"https:\/\/x.com\/Procom\"]}]}<\/script>\n<!-- \/ Yoast SEO plugin. -->","yoast_head_json":{"title":"Calculateur de taux d\u2019entrepreneur - Canada - Procom","description":"Simplifiez la gestion de vos budgets gr\u00e2ce au calculateur de taux Procom. Acc\u00e9dez \u00e0 des donn\u00e9es fiables et optimisez vos d\u00e9cisions d\u00e8s maintenant.","robots":{"index":"index","follow":"follow","max-snippet":"max-snippet:-1","max-image-preview":"max-image-preview:large","max-video-preview":"max-video-preview:-1"},"canonical":"https:\/\/procomservices.com\/fr-ca\/calculateur-de-taux-dentrepreneur-canada\/","og_locale":"fr_CA","og_type":"article","og_title":"Calculateur de taux d\u2019entrepreneur - Canada - Procom","og_description":"Simplifiez la gestion de vos budgets gr\u00e2ce au calculateur de taux Procom. Acc\u00e9dez \u00e0 des donn\u00e9es fiables et optimisez vos d\u00e9cisions d\u00e8s maintenant.","og_url":"https:\/\/procomservices.com\/fr-ca\/calculateur-de-taux-dentrepreneur-canada\/","og_site_name":"Procom","article_publisher":"https:\/\/www.facebook.com\/ProcomConsultantsGroup\/","article_modified_time":"2026-03-12T18:26:08+00:00","og_image":[{"width":1205,"height":807,"url":"https:\/\/procomservices.com\/wp-content\/uploads\/2025\/09\/Procom_Logomark_CMYK@2x.jpg","type":"image\/jpeg"}],"twitter_card":"summary_large_image","twitter_site":"@Procom","twitter_misc":{"Est. reading time":"1 minute"},"schema":{"@context":"https:\/\/schema.org","@graph":[{"@type":"WebPage","@id":"https:\/\/procomservices.com\/fr-ca\/calculateur-de-taux-dentrepreneur-canada\/","url":"https:\/\/procomservices.com\/fr-ca\/calculateur-de-taux-dentrepreneur-canada\/","name":"Calculateur de taux d\u2019entrepreneur - Canada - Procom","isPartOf":{"@id":"https:\/\/procomservices.com\/fr-ca\/#website"},"datePublished":"2025-08-21T00:57:52+00:00","dateModified":"2026-03-12T18:26:08+00:00","description":"Simplifiez la gestion de vos budgets gr\u00e2ce au calculateur de taux Procom. Acc\u00e9dez \u00e0 des donn\u00e9es fiables et optimisez vos d\u00e9cisions d\u00e8s maintenant.","breadcrumb":{"@id":"https:\/\/procomservices.com\/fr-ca\/calculateur-de-taux-dentrepreneur-canada\/#breadcrumb"},"inLanguage":"fr-ca","potentialAction":[{"@type":"ReadAction","target":["https:\/\/procomservices.com\/fr-ca\/calculateur-de-taux-dentrepreneur-canada\/"]}]},{"@type":"BreadcrumbList","@id":"https:\/\/procomservices.com\/fr-ca\/calculateur-de-taux-dentrepreneur-canada\/#breadcrumb","itemListElement":[{"@type":"ListItem","position":1,"name":"Home","item":"https:\/\/procomservices.com\/fr-ca\/"},{"@type":"ListItem","position":2,"name":"Calculateur de taux d\u2019entrepreneur &#8211; Canada"}]},{"@type":"WebSite","@id":"https:\/\/procomservices.com\/fr-ca\/#website","url":"https:\/\/procomservices.com\/fr-ca\/","name":"Procom","description":"","publisher":{"@id":"https:\/\/procomservices.com\/fr-ca\/#organization"},"potentialAction":[{"@type":"SearchAction","target":{"@type":"EntryPoint","urlTemplate":"https:\/\/procomservices.com\/fr-ca\/?s={search_term_string}"},"query-input":{"@type":"PropertyValueSpecification","valueRequired":true,"valueName":"search_term_string"}}],"inLanguage":"fr-ca"},{"@type":"Organization","@id":"https:\/\/procomservices.com\/fr-ca\/#organization","name":"Procom","url":"https:\/\/procomservices.com\/fr-ca\/","logo":{"@type":"ImageObject","inLanguage":"fr-ca","@id":"https:\/\/procomservices.com\/fr-ca\/#\/schema\/logo\/image\/","url":"https:\/\/procomservices.com\/wp-content\/uploads\/2025\/09\/Procom_Logomark_CMYK@2x.jpg","contentUrl":"https:\/\/procomservices.com\/wp-content\/uploads\/2025\/09\/Procom_Logomark_CMYK@2x.jpg","width":1205,"height":807,"caption":"Procom"},"image":{"@id":"https:\/\/procomservices.com\/fr-ca\/#\/schema\/logo\/image\/"},"sameAs":["https:\/\/www.facebook.com\/ProcomConsultantsGroup\/","https:\/\/x.com\/Procom"]}]}},"_links":{"self":[{"href":"https:\/\/procomservices.com\/fr-ca\/wp-json\/wp\/v2\/pages\/18471","targetHints":{"allow":["GET"]}}],"collection":[{"href":"https:\/\/procomservices.com\/fr-ca\/wp-json\/wp\/v2\/pages"}],"about":[{"href":"https:\/\/procomservices.com\/fr-ca\/wp-json\/wp\/v2\/types\/page"}],"author":[{"embeddable":true,"href":"https:\/\/procomservices.com\/fr-ca\/wp-json\/wp\/v2\/users\/10"}],"replies":[{"embeddable":true,"href":"https:\/\/procomservices.com\/fr-ca\/wp-json\/wp\/v2\/comments?post=18471"}],"version-history":[{"count":7,"href":"https:\/\/procomservices.com\/fr-ca\/wp-json\/wp\/v2\/pages\/18471\/revisions"}],"predecessor-version":[{"id":25042,"href":"https:\/\/procomservices.com\/fr-ca\/wp-json\/wp\/v2\/pages\/18471\/revisions\/25042"}],"wp:attachment":[{"href":"https:\/\/procomservices.com\/fr-ca\/wp-json\/wp\/v2\/media?parent=18471"}],"curies":[{"name":"wp","href":"https:\/\/api.w.org\/{rel}","templated":true}]}}