{"id":21867,"date":"2025-11-11T14:43:08","date_gmt":"2025-11-11T14:43:08","guid":{"rendered":"https:\/\/procomservices.com\/idea\/"},"modified":"2025-12-01T14:49:20","modified_gmt":"2025-12-01T14:49:20","slug":"idea","status":"publish","type":"page","link":"https:\/\/procomservices.com\/fr-ca\/idea\/","title":{"rendered":"IDEA"},"content":{"rendered":"\n<h1 class=\"wp-block-heading\">Notre engagement envers l\u2019inclusion, la diversit\u00e9, l\u2019\u00e9quit\u00e9 et l\u2019accessibilit\u00e9 (IDEA)<\/h1>\n\n\n\n<p class=\"wp-block-paragraph\">Chez Procom, nous croyons que l\u2019inclusion, la diversit\u00e9, l\u2019\u00e9quit\u00e9 et l\u2019accessibilit\u00e9 (IDEA) sont essentielles pour constituer des \u00e9quipes \u00e0 haut rendement et cr\u00e9er un environnement de travail \u00e9panouissant. Notre engagement envers l\u2019IDEA est au c\u0153ur de toutes nos actions, depuis la fa\u00e7on dont nous accompagnons nos employ\u00e9\u00b7es jusqu\u2019\u00e0 la mani\u00e8re dont nous servons nos entreprises clientes, nos candidat\u00b7es et nos partenaires.<\/p>\n\n\n\n<p class=\"wp-block-paragraph\">Nous c\u00e9l\u00e9brons la singularit\u00e9 de chaque personne, son identit\u00e9, son exp\u00e9rience et ses perspectives. En favorisant une culture o\u00f9 chacun\u00b7e a sa place, o\u00f9 chaque voix compte et o\u00f9 les obstacles sont lev\u00e9s, nous lib\u00e9rons tout le potentiel de notre personnel et des communaut\u00e9s que nous servons.<\/p>\n\n\n\n<p class=\"wp-block-paragraph\">Cet engagement est inspir\u00e9 par notre Politique IDEA et notre Politique des droits de la personne et ancr\u00e9 dans les valeurs de notre CREDO. Cela t\u00e9moigne de notre conviction que la cr\u00e9ation d\u2019une culture inclusive est un processus continu qui n\u00e9cessite un apprentissage constant, des actions concr\u00e8tes et une responsabilit\u00e9 commune.<\/p>\n\n\n\n<p class=\"wp-block-paragraph\">Ensemble, nous valorisons la diversit\u00e9 des points de vue, obtenons de meilleurs r\u00e9sultats et veillons \u00e0 ce que chacun\u00b7e ait acc\u00e8s \u00e0 des possibilit\u00e9s de croissance. Nous sommes fier\u00b7\u00e8res de ce parcours et invitons nos employ\u00e9\u00b7es, candidat\u00b7es et partenaires \u00e0 se joindre \u00e0 nous pour faire une diff\u00e9rence durable.<\/p>\n","protected":false},"excerpt":{"rendered":"<p>Notre engagement envers l\u2019inclusion, la diversit\u00e9, l\u2019\u00e9quit\u00e9 et l\u2019accessibilit\u00e9 (IDEA) Chez Procom, nous croyons que l\u2019inclusion, la diversit\u00e9, l\u2019\u00e9quit\u00e9 et l\u2019accessibilit\u00e9 (IDEA) sont essentielles pour constituer des \u00e9quipes \u00e0 haut rendement et cr\u00e9er un environnement de travail \u00e9panouissant. Notre engagement envers l\u2019IDEA est au c\u0153ur de toutes nos actions, depuis la fa\u00e7on dont nous accompagnons&#8230;<\/p>\n","protected":false},"author":9,"featured_media":0,"parent":0,"menu_order":0,"comment_status":"closed","ping_status":"closed","template":"templates\/template-simple-text.php","meta":{"_acf_changed":false,"_crdt_document":"","inline_featured_image":false,"footnotes":""},"class_list":["post-21867","page","type-page","status-publish","hentry"],"acf":[],"yoast_head":"<!-- This site is optimized with the Yoast SEO plugin v27.1.1 - https:\/\/yoast.com\/product\/yoast-seo-wordpress\/ -->\n<title>IDEA - Procom<\/title>\n<meta name=\"description\" content=\"Chez Procom, nous croyons que l\u2019inclusion, la diversit\u00e9, l\u2019\u00e9quit\u00e9 et l\u2019accessibilit\u00e9 (IDEA) sont essentielles pour constituer des \u00e9quipes \u00e0 haut rendement et cr\u00e9er un environnement de travail \u00e9panouissant. Notre engagement envers l\u2019IDEA est au c\u0153ur de toutes nos actions, depuis la fa\u00e7on dont nous accompagnons nos employ\u00e9\u00b7es jusqu\u2019\u00e0 la mani\u00e8re dont nous servons nos entreprises clientes, nos candidat\u00b7es et nos partenaires.\" \/>\n<meta name=\"robots\" content=\"index, follow, max-snippet:-1, max-image-preview:large, max-video-preview:-1\" \/>\n<link rel=\"canonical\" href=\"https:\/\/procomservices.com\/fr-ca\/idea\/\" \/>\n<meta property=\"og:locale\" content=\"fr_CA\" \/>\n<meta property=\"og:type\" content=\"article\" \/>\n<meta property=\"og:title\" content=\"IDEA - Procom\" \/>\n<meta property=\"og:description\" content=\"Chez Procom, nous croyons que l\u2019inclusion, la diversit\u00e9, l\u2019\u00e9quit\u00e9 et l\u2019accessibilit\u00e9 (IDEA) sont essentielles pour constituer des \u00e9quipes \u00e0 haut rendement et cr\u00e9er un environnement de travail \u00e9panouissant. Notre engagement envers l\u2019IDEA est au c\u0153ur de toutes nos actions, depuis la fa\u00e7on dont nous accompagnons nos employ\u00e9\u00b7es jusqu\u2019\u00e0 la mani\u00e8re dont nous servons nos entreprises clientes, nos candidat\u00b7es et nos partenaires.\" \/>\n<meta property=\"og:url\" content=\"https:\/\/procomservices.com\/fr-ca\/idea\/\" \/>\n<meta property=\"og:site_name\" content=\"Procom\" \/>\n<meta property=\"article:publisher\" content=\"https:\/\/www.facebook.com\/ProcomConsultantsGroup\/\" \/>\n<meta property=\"article:modified_time\" content=\"2025-12-01T14:49:20+00:00\" \/>\n<meta property=\"og:image\" content=\"https:\/\/procomservices.com\/wp-content\/uploads\/2025\/09\/Procom_Logomark_CMYK@2x.jpg\" \/>\n\t<meta property=\"og:image:width\" content=\"1205\" \/>\n\t<meta property=\"og:image:height\" content=\"807\" \/>\n\t<meta property=\"og:image:type\" content=\"image\/jpeg\" \/>\n<meta name=\"twitter:card\" content=\"summary_large_image\" \/>\n<meta name=\"twitter:site\" content=\"@Procom\" \/>\n<meta name=\"twitter:label1\" content=\"Est. reading time\" \/>\n\t<meta name=\"twitter:data1\" content=\"2 minutes\" \/>\n<script type=\"application\/ld+json\" class=\"yoast-schema-graph\">{\"@context\":\"https:\/\/schema.org\",\"@graph\":[{\"@type\":\"WebPage\",\"@id\":\"https:\/\/procomservices.com\/fr-ca\/idea\/\",\"url\":\"https:\/\/procomservices.com\/fr-ca\/idea\/\",\"name\":\"IDEA - Procom\",\"isPartOf\":{\"@id\":\"https:\/\/procomservices.com\/fr-ca\/#website\"},\"datePublished\":\"2025-11-11T14:43:08+00:00\",\"dateModified\":\"2025-12-01T14:49:20+00:00\",\"description\":\"Chez Procom, nous croyons que l\u2019inclusion, la diversit\u00e9, l\u2019\u00e9quit\u00e9 et l\u2019accessibilit\u00e9 (IDEA) sont essentielles pour constituer des \u00e9quipes \u00e0 haut rendement et cr\u00e9er un environnement de travail \u00e9panouissant. Notre engagement envers l\u2019IDEA est au c\u0153ur de toutes nos actions, depuis la fa\u00e7on dont nous accompagnons nos employ\u00e9\u00b7es jusqu\u2019\u00e0 la mani\u00e8re dont nous servons nos entreprises clientes, nos candidat\u00b7es et nos partenaires.\",\"breadcrumb\":{\"@id\":\"https:\/\/procomservices.com\/fr-ca\/idea\/#breadcrumb\"},\"inLanguage\":\"fr-ca\",\"potentialAction\":[{\"@type\":\"ReadAction\",\"target\":[\"https:\/\/procomservices.com\/fr-ca\/idea\/\"]}]},{\"@type\":\"BreadcrumbList\",\"@id\":\"https:\/\/procomservices.com\/fr-ca\/idea\/#breadcrumb\",\"itemListElement\":[{\"@type\":\"ListItem\",\"position\":1,\"name\":\"Home\",\"item\":\"https:\/\/procomservices.com\/fr-ca\/\"},{\"@type\":\"ListItem\",\"position\":2,\"name\":\"IDEA\"}]},{\"@type\":\"WebSite\",\"@id\":\"https:\/\/procomservices.com\/fr-ca\/#website\",\"url\":\"https:\/\/procomservices.com\/fr-ca\/\",\"name\":\"Procom\",\"description\":\"\",\"publisher\":{\"@id\":\"https:\/\/procomservices.com\/fr-ca\/#organization\"},\"potentialAction\":[{\"@type\":\"SearchAction\",\"target\":{\"@type\":\"EntryPoint\",\"urlTemplate\":\"https:\/\/procomservices.com\/fr-ca\/?s={search_term_string}\"},\"query-input\":{\"@type\":\"PropertyValueSpecification\",\"valueRequired\":true,\"valueName\":\"search_term_string\"}}],\"inLanguage\":\"fr-ca\"},{\"@type\":\"Organization\",\"@id\":\"https:\/\/procomservices.com\/fr-ca\/#organization\",\"name\":\"Procom\",\"url\":\"https:\/\/procomservices.com\/fr-ca\/\",\"logo\":{\"@type\":\"ImageObject\",\"inLanguage\":\"fr-ca\",\"@id\":\"https:\/\/procomservices.com\/fr-ca\/#\/schema\/logo\/image\/\",\"url\":\"https:\/\/procomservices.com\/wp-content\/uploads\/2025\/09\/Procom_Logomark_CMYK@2x.jpg\",\"contentUrl\":\"https:\/\/procomservices.com\/wp-content\/uploads\/2025\/09\/Procom_Logomark_CMYK@2x.jpg\",\"width\":1205,\"height\":807,\"caption\":\"Procom\"},\"image\":{\"@id\":\"https:\/\/procomservices.com\/fr-ca\/#\/schema\/logo\/image\/\"},\"sameAs\":[\"https:\/\/www.facebook.com\/ProcomConsultantsGroup\/\",\"https:\/\/x.com\/Procom\"]}]}<\/script>\n<!-- \/ Yoast SEO plugin. -->","yoast_head_json":{"title":"IDEA - Procom","description":"Chez Procom, nous croyons que l\u2019inclusion, la diversit\u00e9, l\u2019\u00e9quit\u00e9 et l\u2019accessibilit\u00e9 (IDEA) sont essentielles pour constituer des \u00e9quipes \u00e0 haut rendement et cr\u00e9er un environnement de travail \u00e9panouissant. Notre engagement envers l\u2019IDEA est au c\u0153ur de toutes nos actions, depuis la fa\u00e7on dont nous accompagnons nos employ\u00e9\u00b7es jusqu\u2019\u00e0 la mani\u00e8re dont nous servons nos entreprises clientes, nos candidat\u00b7es et nos partenaires.","robots":{"index":"index","follow":"follow","max-snippet":"max-snippet:-1","max-image-preview":"max-image-preview:large","max-video-preview":"max-video-preview:-1"},"canonical":"https:\/\/procomservices.com\/fr-ca\/idea\/","og_locale":"fr_CA","og_type":"article","og_title":"IDEA - Procom","og_description":"Chez Procom, nous croyons que l\u2019inclusion, la diversit\u00e9, l\u2019\u00e9quit\u00e9 et l\u2019accessibilit\u00e9 (IDEA) sont essentielles pour constituer des \u00e9quipes \u00e0 haut rendement et cr\u00e9er un environnement de travail \u00e9panouissant. Notre engagement envers l\u2019IDEA est au c\u0153ur de toutes nos actions, depuis la fa\u00e7on dont nous accompagnons nos employ\u00e9\u00b7es jusqu\u2019\u00e0 la mani\u00e8re dont nous servons nos entreprises clientes, nos candidat\u00b7es et nos partenaires.","og_url":"https:\/\/procomservices.com\/fr-ca\/idea\/","og_site_name":"Procom","article_publisher":"https:\/\/www.facebook.com\/ProcomConsultantsGroup\/","article_modified_time":"2025-12-01T14:49:20+00:00","og_image":[{"width":1205,"height":807,"url":"https:\/\/procomservices.com\/wp-content\/uploads\/2025\/09\/Procom_Logomark_CMYK@2x.jpg","type":"image\/jpeg"}],"twitter_card":"summary_large_image","twitter_site":"@Procom","twitter_misc":{"Est. reading time":"2 minutes"},"schema":{"@context":"https:\/\/schema.org","@graph":[{"@type":"WebPage","@id":"https:\/\/procomservices.com\/fr-ca\/idea\/","url":"https:\/\/procomservices.com\/fr-ca\/idea\/","name":"IDEA - Procom","isPartOf":{"@id":"https:\/\/procomservices.com\/fr-ca\/#website"},"datePublished":"2025-11-11T14:43:08+00:00","dateModified":"2025-12-01T14:49:20+00:00","description":"Chez Procom, nous croyons que l\u2019inclusion, la diversit\u00e9, l\u2019\u00e9quit\u00e9 et l\u2019accessibilit\u00e9 (IDEA) sont essentielles pour constituer des \u00e9quipes \u00e0 haut rendement et cr\u00e9er un environnement de travail \u00e9panouissant. Notre engagement envers l\u2019IDEA est au c\u0153ur de toutes nos actions, depuis la fa\u00e7on dont nous accompagnons nos employ\u00e9\u00b7es jusqu\u2019\u00e0 la mani\u00e8re dont nous servons nos entreprises clientes, nos candidat\u00b7es et nos partenaires.","breadcrumb":{"@id":"https:\/\/procomservices.com\/fr-ca\/idea\/#breadcrumb"},"inLanguage":"fr-ca","potentialAction":[{"@type":"ReadAction","target":["https:\/\/procomservices.com\/fr-ca\/idea\/"]}]},{"@type":"BreadcrumbList","@id":"https:\/\/procomservices.com\/fr-ca\/idea\/#breadcrumb","itemListElement":[{"@type":"ListItem","position":1,"name":"Home","item":"https:\/\/procomservices.com\/fr-ca\/"},{"@type":"ListItem","position":2,"name":"IDEA"}]},{"@type":"WebSite","@id":"https:\/\/procomservices.com\/fr-ca\/#website","url":"https:\/\/procomservices.com\/fr-ca\/","name":"Procom","description":"","publisher":{"@id":"https:\/\/procomservices.com\/fr-ca\/#organization"},"potentialAction":[{"@type":"SearchAction","target":{"@type":"EntryPoint","urlTemplate":"https:\/\/procomservices.com\/fr-ca\/?s={search_term_string}"},"query-input":{"@type":"PropertyValueSpecification","valueRequired":true,"valueName":"search_term_string"}}],"inLanguage":"fr-ca"},{"@type":"Organization","@id":"https:\/\/procomservices.com\/fr-ca\/#organization","name":"Procom","url":"https:\/\/procomservices.com\/fr-ca\/","logo":{"@type":"ImageObject","inLanguage":"fr-ca","@id":"https:\/\/procomservices.com\/fr-ca\/#\/schema\/logo\/image\/","url":"https:\/\/procomservices.com\/wp-content\/uploads\/2025\/09\/Procom_Logomark_CMYK@2x.jpg","contentUrl":"https:\/\/procomservices.com\/wp-content\/uploads\/2025\/09\/Procom_Logomark_CMYK@2x.jpg","width":1205,"height":807,"caption":"Procom"},"image":{"@id":"https:\/\/procomservices.com\/fr-ca\/#\/schema\/logo\/image\/"},"sameAs":["https:\/\/www.facebook.com\/ProcomConsultantsGroup\/","https:\/\/x.com\/Procom"]}]}},"_links":{"self":[{"href":"https:\/\/procomservices.com\/fr-ca\/wp-json\/wp\/v2\/pages\/21867","targetHints":{"allow":["GET"]}}],"collection":[{"href":"https:\/\/procomservices.com\/fr-ca\/wp-json\/wp\/v2\/pages"}],"about":[{"href":"https:\/\/procomservices.com\/fr-ca\/wp-json\/wp\/v2\/types\/page"}],"author":[{"embeddable":true,"href":"https:\/\/procomservices.com\/fr-ca\/wp-json\/wp\/v2\/users\/9"}],"replies":[{"embeddable":true,"href":"https:\/\/procomservices.com\/fr-ca\/wp-json\/wp\/v2\/comments?post=21867"}],"version-history":[{"count":1,"href":"https:\/\/procomservices.com\/fr-ca\/wp-json\/wp\/v2\/pages\/21867\/revisions"}],"predecessor-version":[{"id":21869,"href":"https:\/\/procomservices.com\/fr-ca\/wp-json\/wp\/v2\/pages\/21867\/revisions\/21869"}],"wp:attachment":[{"href":"https:\/\/procomservices.com\/fr-ca\/wp-json\/wp\/v2\/media?parent=21867"}],"curies":[{"name":"wp","href":"https:\/\/api.w.org\/{rel}","templated":true}]}}