{"id":7827,"date":"2025-07-02T11:50:21","date_gmt":"2025-07-02T11:50:21","guid":{"rendered":"https:\/\/procomservices.com\/procom-services\/"},"modified":"2025-07-02T11:50:21","modified_gmt":"2025-07-02T11:50:21","slug":"procom-services","status":"publish","type":"page","link":"https:\/\/procomservices.com\/fr-ca\/procom-services\/","title":{"rendered":"Procom Services"},"content":{"rendered":"\n<div class=\"m-banner    no-width-bg-css-after no-height-bg-css-after no-right-bg-css-after no-background-css-after m-banner--custom  l-banner-hero l-banner-v2 order-default\" \n\t\tstyle=\"--background-css-after: ;\n\t--width-css-bg-after: ;\n\t--height-css-bg-after: ;\n\t--right-css-bg-after: ;\n\t--accent-local: ;\n\t--overlayOpacity: 0%;\n\t--overlayOpacityColor: ;\">\n\n\t\n\t    \n\t<div\n\t\tclass=\"m-banner__container container-fluid\"\n\t\tstyle=\"--columns-ratio: 100%; --bannerHeightDesktop: 784px\">\n\n\t\t\t<div class=\"m-banner__media focal-top-center media-cover\">\n\t\t<picture class=\"m-banner__picture\">\n\t\t\t\n\t\t\t\t\n\t\t\t\t\t\t\t\t\t\t\t<source media=\"(min-width: 1024px)\" srcset=\"https:\/\/procomservices.com\/wp-content\/uploads\/2025\/06\/background-gradient-1.jpg\">\n\t\t\t\t\t\n\t\t\t\t\n\t\t\t\t\t\t\t\t\t\t\t<source media=\"(min-width: 768px)\" srcset=\"https:\/\/procomservices.com\/wp-content\/uploads\/2025\/06\/background-gradient-1-1024x469.jpg\">\n\t\t\t\t\t\n\t\t\t\t\n\t\t\t\n\t\t\t\t\t\t\t<source media=\"(min-width: 300px)\" srcset=\"https:\/\/procomservices.com\/wp-content\/uploads\/2025\/06\/background-gradient-1-768x352.jpg\">\n\t\t\t\n\t\t\t<img decoding=\"async\" class=\"c-media__src lazy\" loading=\"lazy\" src=\"https:\/\/procomservices.com\/wp-content\/uploads\/2025\/06\/background-gradient-1.jpg\"  alt=\"background gradient (1)\" width=\"1920\" height=\"880\"\/>\n\t\t<\/picture>\n\t<\/div>\n\n\t\t<div class=\"m-banner__inner flex-left is-style-colors-inverted\">\n\n\t\t\t<div class=\"l-banner space-top text-boxes\" style=\"--columns-ratio: 100%;\">\n\n\t\t\t\t\n<div class=\"l-banner__text\">\n<div  class=\"text-left text-left-mobile no-side-padding wp-block-ds-blocks-c-heading\">\n\t\t<div class=\"c-heading -h1 \">\n\t\t\n\t\t\n\t\t\t\t\t<h1  class=\"c-heading__title\">Procom Services<\/h1>\t\t\n\t\t\t\t\t<div\n\t\t\t\tclass=\"c-heading__sub\" >\n\t\t\t\tFond\u00e9e en 1978, Procom Services est une entreprise priv\u00e9e dont le chiffre d&#8217;affaires d\u00e9passe $1,6 milliard d&#8217;euros pour l&#8217;exercice 2021. Avec 14 bureaux en Am\u00e9rique du Nord et plus de 10 000 placements par an, Procom Services s&#8217;engage \u00e0 respecter les normes d&#8217;excellence les plus \u00e9lev\u00e9es dans la fourniture de services de recrutement en informatique \u00e0 ses clients, consultants et candidats.\t\t\t<\/div>\n\t\t\t<\/div>\n\n<\/div>\n\n<\/div>\n\n\t<div class=\"l-banner__media\">\n\t\t\t\t\t\n\t\t\t<\/div>\n\n\t\t\t<\/div>\n\n\t\t\t\t\t<\/div>\n\t<\/div>\n<\/div>\n\n\n<div class=\"m-counter  gt gb\"  style='background-image: linear-gradient(to bottom, #ffffff, #f7f3ee);'>\n\n    \n        \n    <div class=\"m-counter__container container\" style=\"\">\n        <div class=\"l-dcbl  l-counter\">\n\t\t\t<div class=\"c-block\">\n\t\t\t\t<div class=\"m-counter__inner--content c-block__text\">\n\n\t\t\t\t\t\t\t\t\t<\/div>\n\t\t\t<\/div>\n        <\/div>\n    <\/div>\n<\/div>\n","protected":false},"excerpt":{"rendered":"","protected":false},"author":21,"featured_media":0,"parent":0,"menu_order":0,"comment_status":"closed","ping_status":"closed","template":"","meta":{"_acf_changed":false,"_crdt_document":"","inline_featured_image":false,"footnotes":""},"class_list":["post-7827","page","type-page","status-publish","hentry"],"acf":[],"yoast_head":"<!-- This site is optimized with the Yoast SEO plugin v27.1.1 - https:\/\/yoast.com\/product\/yoast-seo-wordpress\/ -->\n<title>Procom Services - Procom<\/title>\n<meta name=\"robots\" content=\"index, follow, max-snippet:-1, max-image-preview:large, max-video-preview:-1\" \/>\n<link rel=\"canonical\" href=\"https:\/\/procomservices.com\/fr-ca\/procom-services\/\" \/>\n<meta property=\"og:locale\" content=\"fr_CA\" \/>\n<meta property=\"og:type\" content=\"article\" \/>\n<meta property=\"og:title\" content=\"Procom Services - Procom\" \/>\n<meta property=\"og:url\" content=\"https:\/\/procomservices.com\/fr-ca\/procom-services\/\" \/>\n<meta property=\"og:site_name\" content=\"Procom\" \/>\n<meta property=\"article:publisher\" content=\"https:\/\/www.facebook.com\/ProcomConsultantsGroup\/\" \/>\n<meta property=\"og:image\" content=\"https:\/\/procomservices.com\/wp-content\/uploads\/2025\/09\/Procom_Logomark_CMYK@2x.jpg\" \/>\n\t<meta property=\"og:image:width\" content=\"1205\" \/>\n\t<meta property=\"og:image:height\" content=\"807\" \/>\n\t<meta property=\"og:image:type\" content=\"image\/jpeg\" \/>\n<meta name=\"twitter:card\" content=\"summary_large_image\" \/>\n<meta name=\"twitter:site\" content=\"@Procom\" \/>\n<script type=\"application\/ld+json\" class=\"yoast-schema-graph\">{\"@context\":\"https:\/\/schema.org\",\"@graph\":[{\"@type\":\"WebPage\",\"@id\":\"https:\/\/procomservices.com\/fr-ca\/procom-services\/\",\"url\":\"https:\/\/procomservices.com\/fr-ca\/procom-services\/\",\"name\":\"Procom Services - Procom\",\"isPartOf\":{\"@id\":\"https:\/\/procomservices.com\/fr-ca\/#website\"},\"datePublished\":\"2025-07-02T11:50:21+00:00\",\"breadcrumb\":{\"@id\":\"https:\/\/procomservices.com\/fr-ca\/procom-services\/#breadcrumb\"},\"inLanguage\":\"fr-ca\",\"potentialAction\":[{\"@type\":\"ReadAction\",\"target\":[\"https:\/\/procomservices.com\/fr-ca\/procom-services\/\"]}]},{\"@type\":\"BreadcrumbList\",\"@id\":\"https:\/\/procomservices.com\/fr-ca\/procom-services\/#breadcrumb\",\"itemListElement\":[{\"@type\":\"ListItem\",\"position\":1,\"name\":\"Home\",\"item\":\"https:\/\/procomservices.com\/fr-ca\/\"},{\"@type\":\"ListItem\",\"position\":2,\"name\":\"Procom Services\"}]},{\"@type\":\"WebSite\",\"@id\":\"https:\/\/procomservices.com\/fr-ca\/#website\",\"url\":\"https:\/\/procomservices.com\/fr-ca\/\",\"name\":\"Procom\",\"description\":\"\",\"publisher\":{\"@id\":\"https:\/\/procomservices.com\/fr-ca\/#organization\"},\"potentialAction\":[{\"@type\":\"SearchAction\",\"target\":{\"@type\":\"EntryPoint\",\"urlTemplate\":\"https:\/\/procomservices.com\/fr-ca\/?s={search_term_string}\"},\"query-input\":{\"@type\":\"PropertyValueSpecification\",\"valueRequired\":true,\"valueName\":\"search_term_string\"}}],\"inLanguage\":\"fr-ca\"},{\"@type\":\"Organization\",\"@id\":\"https:\/\/procomservices.com\/fr-ca\/#organization\",\"name\":\"Procom\",\"url\":\"https:\/\/procomservices.com\/fr-ca\/\",\"logo\":{\"@type\":\"ImageObject\",\"inLanguage\":\"fr-ca\",\"@id\":\"https:\/\/procomservices.com\/fr-ca\/#\/schema\/logo\/image\/\",\"url\":\"https:\/\/procomservices.com\/wp-content\/uploads\/2025\/09\/Procom_Logomark_CMYK@2x.jpg\",\"contentUrl\":\"https:\/\/procomservices.com\/wp-content\/uploads\/2025\/09\/Procom_Logomark_CMYK@2x.jpg\",\"width\":1205,\"height\":807,\"caption\":\"Procom\"},\"image\":{\"@id\":\"https:\/\/procomservices.com\/fr-ca\/#\/schema\/logo\/image\/\"},\"sameAs\":[\"https:\/\/www.facebook.com\/ProcomConsultantsGroup\/\",\"https:\/\/x.com\/Procom\"]}]}<\/script>\n<!-- \/ Yoast SEO plugin. -->","yoast_head_json":{"title":"Procom Services - Procom","robots":{"index":"index","follow":"follow","max-snippet":"max-snippet:-1","max-image-preview":"max-image-preview:large","max-video-preview":"max-video-preview:-1"},"canonical":"https:\/\/procomservices.com\/fr-ca\/procom-services\/","og_locale":"fr_CA","og_type":"article","og_title":"Procom Services - Procom","og_url":"https:\/\/procomservices.com\/fr-ca\/procom-services\/","og_site_name":"Procom","article_publisher":"https:\/\/www.facebook.com\/ProcomConsultantsGroup\/","og_image":[{"width":1205,"height":807,"url":"https:\/\/procomservices.com\/wp-content\/uploads\/2025\/09\/Procom_Logomark_CMYK@2x.jpg","type":"image\/jpeg"}],"twitter_card":"summary_large_image","twitter_site":"@Procom","schema":{"@context":"https:\/\/schema.org","@graph":[{"@type":"WebPage","@id":"https:\/\/procomservices.com\/fr-ca\/procom-services\/","url":"https:\/\/procomservices.com\/fr-ca\/procom-services\/","name":"Procom Services - Procom","isPartOf":{"@id":"https:\/\/procomservices.com\/fr-ca\/#website"},"datePublished":"2025-07-02T11:50:21+00:00","breadcrumb":{"@id":"https:\/\/procomservices.com\/fr-ca\/procom-services\/#breadcrumb"},"inLanguage":"fr-ca","potentialAction":[{"@type":"ReadAction","target":["https:\/\/procomservices.com\/fr-ca\/procom-services\/"]}]},{"@type":"BreadcrumbList","@id":"https:\/\/procomservices.com\/fr-ca\/procom-services\/#breadcrumb","itemListElement":[{"@type":"ListItem","position":1,"name":"Home","item":"https:\/\/procomservices.com\/fr-ca\/"},{"@type":"ListItem","position":2,"name":"Procom Services"}]},{"@type":"WebSite","@id":"https:\/\/procomservices.com\/fr-ca\/#website","url":"https:\/\/procomservices.com\/fr-ca\/","name":"Procom","description":"","publisher":{"@id":"https:\/\/procomservices.com\/fr-ca\/#organization"},"potentialAction":[{"@type":"SearchAction","target":{"@type":"EntryPoint","urlTemplate":"https:\/\/procomservices.com\/fr-ca\/?s={search_term_string}"},"query-input":{"@type":"PropertyValueSpecification","valueRequired":true,"valueName":"search_term_string"}}],"inLanguage":"fr-ca"},{"@type":"Organization","@id":"https:\/\/procomservices.com\/fr-ca\/#organization","name":"Procom","url":"https:\/\/procomservices.com\/fr-ca\/","logo":{"@type":"ImageObject","inLanguage":"fr-ca","@id":"https:\/\/procomservices.com\/fr-ca\/#\/schema\/logo\/image\/","url":"https:\/\/procomservices.com\/wp-content\/uploads\/2025\/09\/Procom_Logomark_CMYK@2x.jpg","contentUrl":"https:\/\/procomservices.com\/wp-content\/uploads\/2025\/09\/Procom_Logomark_CMYK@2x.jpg","width":1205,"height":807,"caption":"Procom"},"image":{"@id":"https:\/\/procomservices.com\/fr-ca\/#\/schema\/logo\/image\/"},"sameAs":["https:\/\/www.facebook.com\/ProcomConsultantsGroup\/","https:\/\/x.com\/Procom"]}]}},"_links":{"self":[{"href":"https:\/\/procomservices.com\/fr-ca\/wp-json\/wp\/v2\/pages\/7827","targetHints":{"allow":["GET"]}}],"collection":[{"href":"https:\/\/procomservices.com\/fr-ca\/wp-json\/wp\/v2\/pages"}],"about":[{"href":"https:\/\/procomservices.com\/fr-ca\/wp-json\/wp\/v2\/types\/page"}],"author":[{"embeddable":true,"href":"https:\/\/procomservices.com\/fr-ca\/wp-json\/wp\/v2\/users\/21"}],"replies":[{"embeddable":true,"href":"https:\/\/procomservices.com\/fr-ca\/wp-json\/wp\/v2\/comments?post=7827"}],"version-history":[{"count":0,"href":"https:\/\/procomservices.com\/fr-ca\/wp-json\/wp\/v2\/pages\/7827\/revisions"}],"wp:attachment":[{"href":"https:\/\/procomservices.com\/fr-ca\/wp-json\/wp\/v2\/media?parent=7827"}],"curies":[{"name":"wp","href":"https:\/\/api.w.org\/{rel}","templated":true}]}}