{"id":7843,"date":"2025-05-21T11:55:12","date_gmt":"2025-05-21T11:55:12","guid":{"rendered":"https:\/\/procomservices.com\/sustainability-policy\/"},"modified":"2025-11-10T20:43:42","modified_gmt":"2025-11-10T20:43:42","slug":"politique-de-durabilite","status":"publish","type":"page","link":"https:\/\/procomservices.com\/fr-ca\/politique-de-durabilite\/","title":{"rendered":"Durabilit\u00e9"},"content":{"rendered":"\n<h1 class=\"wp-block-heading\">Durabilit\u00e9<\/h1>\n\n\n\n<p class=\"has-text-align-center wp-block-paragraph\"><em>Procom entend assumer ses responsabilit\u00e9s d\u2019entreprise citoyenne en att\u00e9nuant et en r\u00e9duisant son empreinte environnementale et climatique\u00a0<\/em><\/p>\n\n\n\n<p class=\"wp-block-paragraph\">Procom est fi\u00e8re d\u2019adh\u00e9rer au D\u00e9fi carboneutre et prend des mesures pour appuyer l\u2019objectif\u202f12 (Consommation et production durables) et l\u2019objectif\u202f13 (Changements climatiques) des <em>Objectifs de d\u00e9veloppement durable<\/em> des Nations\u202fUnies visant \u00e0 \u00ab\u202fpromouvoir la prosp\u00e9rit\u00e9 tout en prot\u00e9geant la plan\u00e8te\u202f\u00bb, et y contribuer.&nbsp;<\/p>\n\n\n\n<p class=\"wp-block-paragraph\">Procom a \u00e9tabli des objectifs \u00e0 court terme et des cibles de r\u00e9duction fond\u00e9es sur des donn\u00e9es scientifiques afin de s\u2019assurer que nous restons sur la bonne voie pour atteindre notre engagement envers l\u2019atteinte de la carboneutralit\u00e9 avant 2050.&nbsp;<\/p>\n\n\n\n<p class=\"wp-block-paragraph\">Procom adopte une approche de production de rapports <strong>op\u00e9rationnels<\/strong> utilisant la m\u00e9thode de <strong>g\u00e9olocalisation<\/strong> pour calculer les \u00e9missions \u00e0 partir des donn\u00e9es <strong>au niveau de l\u2019entreprise<\/strong>.&nbsp;<\/p>\n\n\n\n<p class=\"wp-block-paragraph\">Nos \u00e9missions de l\u2019ann\u00e9e de r\u00e9f\u00e9rence (2023) ont \u00e9t\u00e9 calcul\u00e9es conform\u00e9ment au Protocole sur les gaz \u00e0 effet de serre (Protocole GES) et constituent le point de d\u00e9part de nos objectifs de r\u00e9duction fond\u00e9s sur des donn\u00e9es scientifiques.&nbsp;<\/p>\n\n\n\n<p class=\"wp-block-paragraph\">Procom s\u2019est fix\u00e9e pour <strong>objectif 2028<\/strong> de <strong>r\u00e9duire ses \u00e9missions absolues de 33,6\u202f%<\/strong> par rapport \u00e0 celles de l\u2019ann\u00e9e de r\u00e9f\u00e9rence\u202f2023, selon un sc\u00e9nario de 1,5\u202f<sup>o<\/sup>C, afin de s\u2019harmoniser avec les donn\u00e9es scientifiques actuelles sur le climat et d\u2019atteindre son objectif de carboneutralit\u00e9 d\u2019ici 2050.&nbsp;<\/p>\n\n\n\n<p class=\"wp-block-paragraph\">Nous sommes fier\u00b7\u00e8res d\u2019annoncer que Procom a d\u00e9pass\u00e9 son objectif de r\u00e9duction absolue de 6,7\u202f% en 2024\u202f:&nbsp;<\/p>\n\n\n\n<figure class=\"wp-block-table\"><table class=\"has-fixed-layout\"><tbody><tr><td><strong>Port\u00e9e\u00a0<\/strong><\/td><td><strong>Ann\u00e9e de r\u00e9f\u00e9rence\u202f2023 (Mt\u202f\u00e9q.\u202fCO<sub>2<\/sub>)\u00a0<\/strong><\/td><td><strong>\u00c9missions en\u202f2024 (Mt\u202f\u00e9q. CO<sub>2<\/sub>)\u00a0<\/strong><\/td><td><strong>Variation par rapport \u00e0 l\u2019ann\u00e9e de r\u00e9f\u00e9rence\u00a0<\/strong><\/td><\/tr><tr><td>Port\u00e9e\u202f1&nbsp;&nbsp;<\/td><td>0&nbsp;<\/td><td>0&nbsp;<\/td><td>0&nbsp;<\/td><\/tr><tr><td>Port\u00e9e\u202f2&nbsp;<\/td><td>96,817&nbsp;<\/td><td>106,277&nbsp;<\/td><td>+9,46 (9,8\u202f%)&nbsp;&nbsp;<\/td><\/tr><tr><td>Port\u00e9e\u202f3&nbsp;<\/td><td>1\u202f377,097&nbsp;<\/td><td>1\u202f031,538&nbsp;<\/td><td>-345,559 (25,1\u202f%)&nbsp;<\/td><\/tr><tr><td><strong>Total\u00a0<\/strong><\/td><td><strong>1\u202f473,914<\/strong>&nbsp;<\/td><td><strong>1\u202f137,815<\/strong>&nbsp;<\/td><td><strong>-336,099 (22,8\u202f%)<\/strong>&nbsp;<\/td><\/tr><\/tbody><\/table><\/figure>\n\n\n\n<p class=\"wp-block-paragraph\"> <\/p>\n\n\n\n<p class=\"wp-block-paragraph\">Sous le leadership de la direction, notre programme de d\u00e9veloppement durable assure une supervision strat\u00e9gique et organisationnelle qui nous permet de continuer d\u2019atteindre nos objectifs de d\u00e9veloppement durable visant \u00e0 r\u00e9duire les risques et les cons\u00e9quences du changement climatique et \u00e0 limiter l\u2019augmentation de la temp\u00e9rature mondiale.\u00a0<\/p>\n\n\n\n<figure class=\"wp-block-image aligncenter size-full\"><img loading=\"lazy\" decoding=\"async\" width=\"900\" height=\"480\" src=\"\/wp-content\/uploads\/2025\/07\/sustainability-page-min.jpg\" alt=\"sustainability\" class=\"wp-image-5837\" srcset=\"https:\/\/procomservices.com\/wp-content\/uploads\/2025\/07\/sustainability-page-min.jpg 900w, https:\/\/procomservices.com\/wp-content\/uploads\/2025\/07\/sustainability-page-min-300x160.jpg 300w, https:\/\/procomservices.com\/wp-content\/uploads\/2025\/07\/sustainability-page-min-768x410.jpg 768w, https:\/\/procomservices.com\/wp-content\/uploads\/2025\/07\/sustainability-page-min-400x213.jpg 400w, https:\/\/procomservices.com\/wp-content\/uploads\/2025\/07\/sustainability-page-min-200x107.jpg 200w\" sizes=\"auto, (max-width: 900px) 100vw, 900px\" \/><\/figure>\n\n\n\n<p class=\"wp-block-paragraph\">Pour en savoir plus sur notre Politique de d\u00e9veloppement durable et le programme connexe, y compris nos objectifs de r\u00e9duction fond\u00e9s sur des donn\u00e9es scientifiques, notre engagement \u00e0 l\u2019\u00e9gard de la cha\u00eene d\u2019approvisionnement et les strat\u00e9gies d\u2019att\u00e9nuation associ\u00e9es, veuillez <a href=\"https:\/\/procomservices.com\/fr-ca\/nous-joindre\/\" target=\"_blank\" rel=\"noreferrer noopener\">COMMUNIQUER AVEC NOUS<\/a>.&nbsp;<\/p>\n","protected":false},"excerpt":{"rendered":"<p>Durabilit\u00e9 Procom entend assumer ses responsabilit\u00e9s d\u2019entreprise citoyenne en att\u00e9nuant et en r\u00e9duisant son empreinte environnementale et climatique\u00a0 Procom est fi\u00e8re d\u2019adh\u00e9rer au D\u00e9fi carboneutre et prend des mesures pour appuyer l\u2019objectif\u202f12 (Consommation et production durables) et l\u2019objectif\u202f13 (Changements climatiques) des Objectifs de d\u00e9veloppement durable des Nations\u202fUnies visant \u00e0 \u00ab\u202fpromouvoir la prosp\u00e9rit\u00e9 tout en prot\u00e9geant&#8230;<\/p>\n","protected":false},"author":21,"featured_media":5838,"parent":0,"menu_order":0,"comment_status":"closed","ping_status":"closed","template":"templates\/template-simple-text.php","meta":{"_acf_changed":false,"_crdt_document":"","inline_featured_image":false,"footnotes":""},"class_list":["post-7843","page","type-page","status-publish","has-post-thumbnail","hentry"],"acf":[],"yoast_head":"<!-- This site is optimized with the Yoast SEO plugin v27.1.1 - https:\/\/yoast.com\/product\/yoast-seo-wordpress\/ -->\n<title>Durabilit\u00e9 - Procom<\/title>\n<meta name=\"description\" content=\"Procom adopte des initiatives durables pour un avenir meilleur. Prenez connaissance de notre politique de durabilit\u00e9 d\u00e9taill\u00e9e d\u00e8s aujourd\u2019hui.\" \/>\n<meta name=\"robots\" content=\"index, follow, max-snippet:-1, max-image-preview:large, max-video-preview:-1\" \/>\n<link rel=\"canonical\" href=\"https:\/\/procomservices.com\/fr-ca\/politique-de-durabilite\/\" \/>\n<meta property=\"og:locale\" content=\"fr_CA\" \/>\n<meta property=\"og:type\" content=\"article\" \/>\n<meta property=\"og:title\" content=\"Durabilit\u00e9 - Procom\" \/>\n<meta property=\"og:description\" content=\"Procom entend assurer un avenir durable dans lequel les personnes et la plan\u00e8te prosp\u00e8rent.\" \/>\n<meta property=\"og:url\" content=\"https:\/\/procomservices.com\/fr-ca\/politique-de-durabilite\/\" \/>\n<meta property=\"og:site_name\" content=\"Procom\" \/>\n<meta property=\"article:publisher\" content=\"https:\/\/www.facebook.com\/ProcomConsultantsGroup\/\" \/>\n<meta property=\"article:modified_time\" content=\"2025-11-10T20:43:42+00:00\" \/>\n<meta property=\"og:image\" content=\"https:\/\/procomservices.com\/wp-content\/uploads\/2025\/07\/sustainability-page-min.jpg\" \/>\n\t<meta property=\"og:image:width\" content=\"900\" \/>\n\t<meta property=\"og:image:height\" content=\"480\" \/>\n\t<meta property=\"og:image:type\" content=\"image\/jpeg\" \/>\n<meta name=\"twitter:card\" content=\"summary_large_image\" \/>\n<meta name=\"twitter:site\" content=\"@Procom\" \/>\n<meta name=\"twitter:label1\" content=\"Est. reading time\" \/>\n\t<meta name=\"twitter:data1\" content=\"3 minutes\" \/>\n<script type=\"application\/ld+json\" class=\"yoast-schema-graph\">{\"@context\":\"https:\/\/schema.org\",\"@graph\":[{\"@type\":\"WebPage\",\"@id\":\"https:\/\/procomservices.com\/fr-ca\/politique-de-durabilite\/\",\"url\":\"https:\/\/procomservices.com\/fr-ca\/politique-de-durabilite\/\",\"name\":\"Durabilit\u00e9 - Procom\",\"isPartOf\":{\"@id\":\"https:\/\/procomservices.com\/fr-ca\/#website\"},\"primaryImageOfPage\":{\"@id\":\"https:\/\/procomservices.com\/fr-ca\/politique-de-durabilite\/#primaryimage\"},\"image\":{\"@id\":\"https:\/\/procomservices.com\/fr-ca\/politique-de-durabilite\/#primaryimage\"},\"thumbnailUrl\":\"https:\/\/procomservices.com\/wp-content\/uploads\/2025\/07\/sustainability-page-min.jpg\",\"datePublished\":\"2025-05-21T11:55:12+00:00\",\"dateModified\":\"2025-11-10T20:43:42+00:00\",\"description\":\"Procom adopte des initiatives durables pour un avenir meilleur. Prenez connaissance de notre politique de durabilit\u00e9 d\u00e9taill\u00e9e d\u00e8s aujourd\u2019hui.\",\"breadcrumb\":{\"@id\":\"https:\/\/procomservices.com\/fr-ca\/politique-de-durabilite\/#breadcrumb\"},\"inLanguage\":\"fr-ca\",\"potentialAction\":[{\"@type\":\"ReadAction\",\"target\":[\"https:\/\/procomservices.com\/fr-ca\/politique-de-durabilite\/\"]}]},{\"@type\":\"ImageObject\",\"inLanguage\":\"fr-ca\",\"@id\":\"https:\/\/procomservices.com\/fr-ca\/politique-de-durabilite\/#primaryimage\",\"url\":\"https:\/\/procomservices.com\/wp-content\/uploads\/2025\/07\/sustainability-page-min.jpg\",\"contentUrl\":\"https:\/\/procomservices.com\/wp-content\/uploads\/2025\/07\/sustainability-page-min.jpg\",\"width\":900,\"height\":480,\"caption\":\"sustainability\"},{\"@type\":\"BreadcrumbList\",\"@id\":\"https:\/\/procomservices.com\/fr-ca\/politique-de-durabilite\/#breadcrumb\",\"itemListElement\":[{\"@type\":\"ListItem\",\"position\":1,\"name\":\"Home\",\"item\":\"https:\/\/procomservices.com\/fr-ca\/\"},{\"@type\":\"ListItem\",\"position\":2,\"name\":\"Durabilit\u00e9\"}]},{\"@type\":\"WebSite\",\"@id\":\"https:\/\/procomservices.com\/fr-ca\/#website\",\"url\":\"https:\/\/procomservices.com\/fr-ca\/\",\"name\":\"Procom\",\"description\":\"\",\"publisher\":{\"@id\":\"https:\/\/procomservices.com\/fr-ca\/#organization\"},\"potentialAction\":[{\"@type\":\"SearchAction\",\"target\":{\"@type\":\"EntryPoint\",\"urlTemplate\":\"https:\/\/procomservices.com\/fr-ca\/?s={search_term_string}\"},\"query-input\":{\"@type\":\"PropertyValueSpecification\",\"valueRequired\":true,\"valueName\":\"search_term_string\"}}],\"inLanguage\":\"fr-ca\"},{\"@type\":\"Organization\",\"@id\":\"https:\/\/procomservices.com\/fr-ca\/#organization\",\"name\":\"Procom\",\"url\":\"https:\/\/procomservices.com\/fr-ca\/\",\"logo\":{\"@type\":\"ImageObject\",\"inLanguage\":\"fr-ca\",\"@id\":\"https:\/\/procomservices.com\/fr-ca\/#\/schema\/logo\/image\/\",\"url\":\"https:\/\/procomservices.com\/wp-content\/uploads\/2025\/09\/Procom_Logomark_CMYK@2x.jpg\",\"contentUrl\":\"https:\/\/procomservices.com\/wp-content\/uploads\/2025\/09\/Procom_Logomark_CMYK@2x.jpg\",\"width\":1205,\"height\":807,\"caption\":\"Procom\"},\"image\":{\"@id\":\"https:\/\/procomservices.com\/fr-ca\/#\/schema\/logo\/image\/\"},\"sameAs\":[\"https:\/\/www.facebook.com\/ProcomConsultantsGroup\/\",\"https:\/\/x.com\/Procom\"]}]}<\/script>\n<!-- \/ Yoast SEO plugin. -->","yoast_head_json":{"title":"Durabilit\u00e9 - Procom","description":"Procom adopte des initiatives durables pour un avenir meilleur. Prenez connaissance de notre politique de durabilit\u00e9 d\u00e9taill\u00e9e d\u00e8s aujourd\u2019hui.","robots":{"index":"index","follow":"follow","max-snippet":"max-snippet:-1","max-image-preview":"max-image-preview:large","max-video-preview":"max-video-preview:-1"},"canonical":"https:\/\/procomservices.com\/fr-ca\/politique-de-durabilite\/","og_locale":"fr_CA","og_type":"article","og_title":"Durabilit\u00e9 - Procom","og_description":"Procom entend assurer un avenir durable dans lequel les personnes et la plan\u00e8te prosp\u00e8rent.","og_url":"https:\/\/procomservices.com\/fr-ca\/politique-de-durabilite\/","og_site_name":"Procom","article_publisher":"https:\/\/www.facebook.com\/ProcomConsultantsGroup\/","article_modified_time":"2025-11-10T20:43:42+00:00","og_image":[{"width":900,"height":480,"url":"https:\/\/procomservices.com\/wp-content\/uploads\/2025\/07\/sustainability-page-min.jpg","type":"image\/jpeg"}],"twitter_card":"summary_large_image","twitter_site":"@Procom","twitter_misc":{"Est. reading time":"3 minutes"},"schema":{"@context":"https:\/\/schema.org","@graph":[{"@type":"WebPage","@id":"https:\/\/procomservices.com\/fr-ca\/politique-de-durabilite\/","url":"https:\/\/procomservices.com\/fr-ca\/politique-de-durabilite\/","name":"Durabilit\u00e9 - Procom","isPartOf":{"@id":"https:\/\/procomservices.com\/fr-ca\/#website"},"primaryImageOfPage":{"@id":"https:\/\/procomservices.com\/fr-ca\/politique-de-durabilite\/#primaryimage"},"image":{"@id":"https:\/\/procomservices.com\/fr-ca\/politique-de-durabilite\/#primaryimage"},"thumbnailUrl":"https:\/\/procomservices.com\/wp-content\/uploads\/2025\/07\/sustainability-page-min.jpg","datePublished":"2025-05-21T11:55:12+00:00","dateModified":"2025-11-10T20:43:42+00:00","description":"Procom adopte des initiatives durables pour un avenir meilleur. Prenez connaissance de notre politique de durabilit\u00e9 d\u00e9taill\u00e9e d\u00e8s aujourd\u2019hui.","breadcrumb":{"@id":"https:\/\/procomservices.com\/fr-ca\/politique-de-durabilite\/#breadcrumb"},"inLanguage":"fr-ca","potentialAction":[{"@type":"ReadAction","target":["https:\/\/procomservices.com\/fr-ca\/politique-de-durabilite\/"]}]},{"@type":"ImageObject","inLanguage":"fr-ca","@id":"https:\/\/procomservices.com\/fr-ca\/politique-de-durabilite\/#primaryimage","url":"https:\/\/procomservices.com\/wp-content\/uploads\/2025\/07\/sustainability-page-min.jpg","contentUrl":"https:\/\/procomservices.com\/wp-content\/uploads\/2025\/07\/sustainability-page-min.jpg","width":900,"height":480,"caption":"sustainability"},{"@type":"BreadcrumbList","@id":"https:\/\/procomservices.com\/fr-ca\/politique-de-durabilite\/#breadcrumb","itemListElement":[{"@type":"ListItem","position":1,"name":"Home","item":"https:\/\/procomservices.com\/fr-ca\/"},{"@type":"ListItem","position":2,"name":"Durabilit\u00e9"}]},{"@type":"WebSite","@id":"https:\/\/procomservices.com\/fr-ca\/#website","url":"https:\/\/procomservices.com\/fr-ca\/","name":"Procom","description":"","publisher":{"@id":"https:\/\/procomservices.com\/fr-ca\/#organization"},"potentialAction":[{"@type":"SearchAction","target":{"@type":"EntryPoint","urlTemplate":"https:\/\/procomservices.com\/fr-ca\/?s={search_term_string}"},"query-input":{"@type":"PropertyValueSpecification","valueRequired":true,"valueName":"search_term_string"}}],"inLanguage":"fr-ca"},{"@type":"Organization","@id":"https:\/\/procomservices.com\/fr-ca\/#organization","name":"Procom","url":"https:\/\/procomservices.com\/fr-ca\/","logo":{"@type":"ImageObject","inLanguage":"fr-ca","@id":"https:\/\/procomservices.com\/fr-ca\/#\/schema\/logo\/image\/","url":"https:\/\/procomservices.com\/wp-content\/uploads\/2025\/09\/Procom_Logomark_CMYK@2x.jpg","contentUrl":"https:\/\/procomservices.com\/wp-content\/uploads\/2025\/09\/Procom_Logomark_CMYK@2x.jpg","width":1205,"height":807,"caption":"Procom"},"image":{"@id":"https:\/\/procomservices.com\/fr-ca\/#\/schema\/logo\/image\/"},"sameAs":["https:\/\/www.facebook.com\/ProcomConsultantsGroup\/","https:\/\/x.com\/Procom"]}]}},"_links":{"self":[{"href":"https:\/\/procomservices.com\/fr-ca\/wp-json\/wp\/v2\/pages\/7843","targetHints":{"allow":["GET"]}}],"collection":[{"href":"https:\/\/procomservices.com\/fr-ca\/wp-json\/wp\/v2\/pages"}],"about":[{"href":"https:\/\/procomservices.com\/fr-ca\/wp-json\/wp\/v2\/types\/page"}],"author":[{"embeddable":true,"href":"https:\/\/procomservices.com\/fr-ca\/wp-json\/wp\/v2\/users\/21"}],"replies":[{"embeddable":true,"href":"https:\/\/procomservices.com\/fr-ca\/wp-json\/wp\/v2\/comments?post=7843"}],"version-history":[{"count":6,"href":"https:\/\/procomservices.com\/fr-ca\/wp-json\/wp\/v2\/pages\/7843\/revisions"}],"predecessor-version":[{"id":21805,"href":"https:\/\/procomservices.com\/fr-ca\/wp-json\/wp\/v2\/pages\/7843\/revisions\/21805"}],"wp:featuredmedia":[{"embeddable":true,"href":"https:\/\/procomservices.com\/fr-ca\/wp-json\/wp\/v2\/media\/5838"}],"wp:attachment":[{"href":"https:\/\/procomservices.com\/fr-ca\/wp-json\/wp\/v2\/media?parent=7843"}],"curies":[{"name":"wp","href":"https:\/\/api.w.org\/{rel}","templated":true}]}}