{"id":7861,"date":"2025-05-19T10:54:07","date_gmt":"2025-05-19T10:54:07","guid":{"rendered":"https:\/\/procomservices.com\/accessibility\/"},"modified":"2025-10-24T18:55:11","modified_gmt":"2025-10-24T18:55:11","slug":"accessibilite","status":"publish","type":"page","link":"https:\/\/procomservices.com\/fr-ca\/accessibilite\/","title":{"rendered":"D\u00e9claration en mati\u00e8re d\u2019accessibilit\u00e9"},"content":{"rendered":"\n<h1 class=\"wp-block-heading\">D\u00e9claration en mati\u00e8re d\u2019accessibilit\u00e9<\/h1>\n\n\n\n<p class=\"wp-block-paragraph\">Procom s\u2019engage \u00e0 assurer l\u2019accessibilit\u00e9 num\u00e9rique afin que tous les utilisateurs puissent facilement naviguer sur notre site et utiliser nos services pour recueillir les informations n\u00e9cessaires \u00e0 la satisfaction de leurs besoins commerciaux.<\/p>\n\n\n\n<p class=\"wp-block-paragraph\">Nous prenons activement des mesures et consacrons des ressources pour am\u00e9liorer l\u2019accessibilit\u00e9 de notre site Web et de nos services dans un effort continu pour r\u00e9pondre aux besoins de tous nos clients, clients et employ\u00e9s.<\/p>\n\n\n\n<p class=\"wp-block-paragraph\">Si vous avez rencontr\u00e9 ou pris connaissance d\u2019un probl\u00e8me d\u2019accessibilit\u00e9 ou d\u2019une barri\u00e8re lors de l\u2019utilisation de l\u2019un de nos services ou en travaillant avec nous, alors nous aimerions avoir de vos nouvelles. Nous r\u00e9pondrons imm\u00e9diatement \u00e0 vos commentaires et travaillerons avec vous pour trouver une solution et am\u00e9liorer nos pratiques d\u2019accessibilit\u00e9.<\/p>\n\n\n\n<p class=\"wp-block-paragraph\">Veuillez contacter Procom \u00e0 <a href=\"mailto:procomaccessibility@procomservices.com\">procomaccessibility@procomservices.com<\/a> si vous avez des suggestions qui pourraient nous aider \u00e0 am\u00e9liorer nos options d\u2019accessibilit\u00e9. Voici notre <a href=\"\/wp-content\/uploads\/2025\/07\/Ontario-Accessibility-Policy-FINAL-DEC-2023.pdf\">politique d\u2019accessibilit\u00e9<\/a> (en anglais seulement) et notre <a href=\"\/wp-content\/uploads\/2025\/02\/Accessibility-Plan-December-2024_frCA.pdf\" target=\"_blank\" rel=\"noreferrer noopener\">plan d\u2019accessibilit\u00e9<\/a>.<\/p>\n\n\n\n<p class=\"wp-block-paragraph\"><\/p>\n","protected":false},"excerpt":{"rendered":"<p>D\u00e9claration en mati\u00e8re d\u2019accessibilit\u00e9 Procom s\u2019engage \u00e0 assurer l\u2019accessibilit\u00e9 num\u00e9rique afin que tous les utilisateurs puissent facilement naviguer sur notre site et utiliser nos services pour recueillir les informations n\u00e9cessaires \u00e0 la satisfaction de leurs besoins commerciaux. Nous prenons activement des mesures et consacrons des ressources pour am\u00e9liorer l\u2019accessibilit\u00e9 de notre site Web et de&#8230;<\/p>\n","protected":false},"author":21,"featured_media":0,"parent":0,"menu_order":0,"comment_status":"closed","ping_status":"closed","template":"templates\/template-simple-text.php","meta":{"_acf_changed":false,"_crdt_document":"","inline_featured_image":false,"footnotes":""},"class_list":["post-7861","page","type-page","status-publish","hentry"],"acf":[],"yoast_head":"<!-- This site is optimized with the Yoast SEO plugin v27.1.1 - https:\/\/yoast.com\/product\/yoast-seo-wordpress\/ -->\n<title>D\u00e9claration en mati\u00e8re d\u2019accessibilit\u00e9 - Procom<\/title>\n<meta name=\"description\" content=\"L\u2019accessibilit\u00e9 est une priorit\u00e9 chez Procom. Lisez notre politique et apprenez comment nous favorisons l\u2019inclusion maintenant.\" \/>\n<meta name=\"robots\" content=\"index, follow, max-snippet:-1, max-image-preview:large, max-video-preview:-1\" \/>\n<link rel=\"canonical\" href=\"https:\/\/procomservices.com\/fr-ca\/accessibilite\/\" \/>\n<meta property=\"og:locale\" content=\"fr_CA\" \/>\n<meta property=\"og:type\" content=\"article\" \/>\n<meta property=\"og:title\" content=\"D\u00e9claration en mati\u00e8re d\u2019accessibilit\u00e9 - Procom\" \/>\n<meta property=\"og:description\" content=\"L\u2019accessibilit\u00e9 est une priorit\u00e9 chez Procom. Lisez notre politique et apprenez comment nous favorisons l\u2019inclusion maintenant.\" \/>\n<meta property=\"og:url\" content=\"https:\/\/procomservices.com\/fr-ca\/accessibilite\/\" \/>\n<meta property=\"og:site_name\" content=\"Procom\" \/>\n<meta property=\"article:publisher\" content=\"https:\/\/www.facebook.com\/ProcomConsultantsGroup\/\" \/>\n<meta property=\"article:modified_time\" content=\"2025-10-24T18:55:11+00:00\" \/>\n<meta property=\"og:image\" content=\"https:\/\/procomservices.com\/wp-content\/uploads\/2025\/09\/Procom_Logomark_CMYK@2x.jpg\" \/>\n\t<meta property=\"og:image:width\" content=\"1205\" \/>\n\t<meta property=\"og:image:height\" content=\"807\" \/>\n\t<meta property=\"og:image:type\" content=\"image\/jpeg\" \/>\n<meta name=\"twitter:card\" content=\"summary_large_image\" \/>\n<meta name=\"twitter:site\" content=\"@Procom\" \/>\n<meta name=\"twitter:label1\" content=\"Est. reading time\" \/>\n\t<meta name=\"twitter:data1\" content=\"1 minute\" \/>\n<script type=\"application\/ld+json\" class=\"yoast-schema-graph\">{\"@context\":\"https:\/\/schema.org\",\"@graph\":[{\"@type\":\"WebPage\",\"@id\":\"https:\/\/procomservices.com\/fr-ca\/accessibilite\/\",\"url\":\"https:\/\/procomservices.com\/fr-ca\/accessibilite\/\",\"name\":\"D\u00e9claration en mati\u00e8re d\u2019accessibilit\u00e9 - Procom\",\"isPartOf\":{\"@id\":\"https:\/\/procomservices.com\/fr-ca\/#website\"},\"datePublished\":\"2025-05-19T10:54:07+00:00\",\"dateModified\":\"2025-10-24T18:55:11+00:00\",\"description\":\"L\u2019accessibilit\u00e9 est une priorit\u00e9 chez Procom. Lisez notre politique et apprenez comment nous favorisons l\u2019inclusion maintenant.\",\"breadcrumb\":{\"@id\":\"https:\/\/procomservices.com\/fr-ca\/accessibilite\/#breadcrumb\"},\"inLanguage\":\"fr-ca\",\"potentialAction\":[{\"@type\":\"ReadAction\",\"target\":[\"https:\/\/procomservices.com\/fr-ca\/accessibilite\/\"]}]},{\"@type\":\"BreadcrumbList\",\"@id\":\"https:\/\/procomservices.com\/fr-ca\/accessibilite\/#breadcrumb\",\"itemListElement\":[{\"@type\":\"ListItem\",\"position\":1,\"name\":\"Home\",\"item\":\"https:\/\/procomservices.com\/fr-ca\/\"},{\"@type\":\"ListItem\",\"position\":2,\"name\":\"D\u00e9claration en mati\u00e8re d\u2019accessibilit\u00e9\"}]},{\"@type\":\"WebSite\",\"@id\":\"https:\/\/procomservices.com\/fr-ca\/#website\",\"url\":\"https:\/\/procomservices.com\/fr-ca\/\",\"name\":\"Procom\",\"description\":\"\",\"publisher\":{\"@id\":\"https:\/\/procomservices.com\/fr-ca\/#organization\"},\"potentialAction\":[{\"@type\":\"SearchAction\",\"target\":{\"@type\":\"EntryPoint\",\"urlTemplate\":\"https:\/\/procomservices.com\/fr-ca\/?s={search_term_string}\"},\"query-input\":{\"@type\":\"PropertyValueSpecification\",\"valueRequired\":true,\"valueName\":\"search_term_string\"}}],\"inLanguage\":\"fr-ca\"},{\"@type\":\"Organization\",\"@id\":\"https:\/\/procomservices.com\/fr-ca\/#organization\",\"name\":\"Procom\",\"url\":\"https:\/\/procomservices.com\/fr-ca\/\",\"logo\":{\"@type\":\"ImageObject\",\"inLanguage\":\"fr-ca\",\"@id\":\"https:\/\/procomservices.com\/fr-ca\/#\/schema\/logo\/image\/\",\"url\":\"https:\/\/procomservices.com\/wp-content\/uploads\/2025\/09\/Procom_Logomark_CMYK@2x.jpg\",\"contentUrl\":\"https:\/\/procomservices.com\/wp-content\/uploads\/2025\/09\/Procom_Logomark_CMYK@2x.jpg\",\"width\":1205,\"height\":807,\"caption\":\"Procom\"},\"image\":{\"@id\":\"https:\/\/procomservices.com\/fr-ca\/#\/schema\/logo\/image\/\"},\"sameAs\":[\"https:\/\/www.facebook.com\/ProcomConsultantsGroup\/\",\"https:\/\/x.com\/Procom\"]}]}<\/script>\n<!-- \/ Yoast SEO plugin. -->","yoast_head_json":{"title":"D\u00e9claration en mati\u00e8re d\u2019accessibilit\u00e9 - Procom","description":"L\u2019accessibilit\u00e9 est une priorit\u00e9 chez Procom. Lisez notre politique et apprenez comment nous favorisons l\u2019inclusion maintenant.","robots":{"index":"index","follow":"follow","max-snippet":"max-snippet:-1","max-image-preview":"max-image-preview:large","max-video-preview":"max-video-preview:-1"},"canonical":"https:\/\/procomservices.com\/fr-ca\/accessibilite\/","og_locale":"fr_CA","og_type":"article","og_title":"D\u00e9claration en mati\u00e8re d\u2019accessibilit\u00e9 - Procom","og_description":"L\u2019accessibilit\u00e9 est une priorit\u00e9 chez Procom. Lisez notre politique et apprenez comment nous favorisons l\u2019inclusion maintenant.","og_url":"https:\/\/procomservices.com\/fr-ca\/accessibilite\/","og_site_name":"Procom","article_publisher":"https:\/\/www.facebook.com\/ProcomConsultantsGroup\/","article_modified_time":"2025-10-24T18:55:11+00:00","og_image":[{"width":1205,"height":807,"url":"https:\/\/procomservices.com\/wp-content\/uploads\/2025\/09\/Procom_Logomark_CMYK@2x.jpg","type":"image\/jpeg"}],"twitter_card":"summary_large_image","twitter_site":"@Procom","twitter_misc":{"Est. reading time":"1 minute"},"schema":{"@context":"https:\/\/schema.org","@graph":[{"@type":"WebPage","@id":"https:\/\/procomservices.com\/fr-ca\/accessibilite\/","url":"https:\/\/procomservices.com\/fr-ca\/accessibilite\/","name":"D\u00e9claration en mati\u00e8re d\u2019accessibilit\u00e9 - Procom","isPartOf":{"@id":"https:\/\/procomservices.com\/fr-ca\/#website"},"datePublished":"2025-05-19T10:54:07+00:00","dateModified":"2025-10-24T18:55:11+00:00","description":"L\u2019accessibilit\u00e9 est une priorit\u00e9 chez Procom. Lisez notre politique et apprenez comment nous favorisons l\u2019inclusion maintenant.","breadcrumb":{"@id":"https:\/\/procomservices.com\/fr-ca\/accessibilite\/#breadcrumb"},"inLanguage":"fr-ca","potentialAction":[{"@type":"ReadAction","target":["https:\/\/procomservices.com\/fr-ca\/accessibilite\/"]}]},{"@type":"BreadcrumbList","@id":"https:\/\/procomservices.com\/fr-ca\/accessibilite\/#breadcrumb","itemListElement":[{"@type":"ListItem","position":1,"name":"Home","item":"https:\/\/procomservices.com\/fr-ca\/"},{"@type":"ListItem","position":2,"name":"D\u00e9claration en mati\u00e8re d\u2019accessibilit\u00e9"}]},{"@type":"WebSite","@id":"https:\/\/procomservices.com\/fr-ca\/#website","url":"https:\/\/procomservices.com\/fr-ca\/","name":"Procom","description":"","publisher":{"@id":"https:\/\/procomservices.com\/fr-ca\/#organization"},"potentialAction":[{"@type":"SearchAction","target":{"@type":"EntryPoint","urlTemplate":"https:\/\/procomservices.com\/fr-ca\/?s={search_term_string}"},"query-input":{"@type":"PropertyValueSpecification","valueRequired":true,"valueName":"search_term_string"}}],"inLanguage":"fr-ca"},{"@type":"Organization","@id":"https:\/\/procomservices.com\/fr-ca\/#organization","name":"Procom","url":"https:\/\/procomservices.com\/fr-ca\/","logo":{"@type":"ImageObject","inLanguage":"fr-ca","@id":"https:\/\/procomservices.com\/fr-ca\/#\/schema\/logo\/image\/","url":"https:\/\/procomservices.com\/wp-content\/uploads\/2025\/09\/Procom_Logomark_CMYK@2x.jpg","contentUrl":"https:\/\/procomservices.com\/wp-content\/uploads\/2025\/09\/Procom_Logomark_CMYK@2x.jpg","width":1205,"height":807,"caption":"Procom"},"image":{"@id":"https:\/\/procomservices.com\/fr-ca\/#\/schema\/logo\/image\/"},"sameAs":["https:\/\/www.facebook.com\/ProcomConsultantsGroup\/","https:\/\/x.com\/Procom"]}]}},"_links":{"self":[{"href":"https:\/\/procomservices.com\/fr-ca\/wp-json\/wp\/v2\/pages\/7861","targetHints":{"allow":["GET"]}}],"collection":[{"href":"https:\/\/procomservices.com\/fr-ca\/wp-json\/wp\/v2\/pages"}],"about":[{"href":"https:\/\/procomservices.com\/fr-ca\/wp-json\/wp\/v2\/types\/page"}],"author":[{"embeddable":true,"href":"https:\/\/procomservices.com\/fr-ca\/wp-json\/wp\/v2\/users\/21"}],"replies":[{"embeddable":true,"href":"https:\/\/procomservices.com\/fr-ca\/wp-json\/wp\/v2\/comments?post=7861"}],"version-history":[{"count":2,"href":"https:\/\/procomservices.com\/fr-ca\/wp-json\/wp\/v2\/pages\/7861\/revisions"}],"predecessor-version":[{"id":19922,"href":"https:\/\/procomservices.com\/fr-ca\/wp-json\/wp\/v2\/pages\/7861\/revisions\/19922"}],"wp:attachment":[{"href":"https:\/\/procomservices.com\/fr-ca\/wp-json\/wp\/v2\/media?parent=7861"}],"curies":[{"name":"wp","href":"https:\/\/api.w.org\/{rel}","templated":true}]}}